{"id":4570,"date":"2020-11-21T17:23:47","date_gmt":"2020-11-21T17:23:47","guid":{"rendered":"https:\/\/thehouseofgods.net\/mx\/?post_type=product&#038;p=4570"},"modified":"2022-08-09T23:02:45","modified_gmt":"2022-08-10T04:02:45","slug":"hoodie-alcest-spitirual-instinct","status":"publish","type":"product","link":"https:\/\/thehouseofgods.net\/mx\/producto\/hoodie-alcest-spitirual-instinct\/","title":{"rendered":"Alcest \u00b7 Spiritual\u00a0instinct \u00b7 Hoodie"},"content":{"rendered":"<div><span style=\"font-family: arial, sans-serif;\">Official clothing<\/span><\/div>\n<div><span style=\"font-family: arial, sans-serif;\">House of Gods collection<\/span><\/div>\n<div><span style=\"font-family: arial, sans-serif;\">Impresi\u00f3n m\u00e1xima calidad (DTG)<\/span><\/div>\n<div><span style=\"font-family: arial, sans-serif;\">50% algod\u00f3n &#8211; 50% poli\u00e9ster<br \/>\n<\/span><\/div>\n<div>\n<div>\n<div><span style=\"font-family: arial, sans-serif;\">Estilo cl\u00e1sico unisex<\/span><\/div>\n<div><span style=\"font-family: arial, sans-serif;\">Tela pre-encogida<\/span><\/div>\n<\/div>\n<div><span style=\"font-family: arial, sans-serif;\">Color negro<\/span><\/div>\n<div><span style=\"font-family: arial, sans-serif;\">(Imagen referencial de talla small)<\/span><\/div>\n<\/div>\n","protected":false},"excerpt":{"rendered":"<div>\n<div>\n<div>\n<div><span style=\"font-family: arial, sans-serif;\"><b>OFFICIAL MERCHANDISING<\/b><br \/>\n<\/span><\/div>\n<div><span style=\"font-family: arial, sans-serif;\">Impresi\u00f3n m\u00e1xima calidad (DTG)<\/span><\/div>\n<div><span style=\"font-family: arial, sans-serif;\">50% algod\u00f3n &#8211; 50% poli\u00e9ster<br \/>\nSudadera con cierre, bolsillos y capucha<br \/>\nPrecio en PESOS MEXICANOS<\/span><\/div>\n<\/div>\n<div><\/div>\n<\/div>\n<\/div>\n","protected":false},"featured_media":4733,"comment_status":"open","ping_status":"closed","template":"","meta":{"site-sidebar-layout":"default","site-content-layout":"default","ast-site-content-layout":"default","site-content-style":"default","site-sidebar-style":"default","ast-global-header-display":"","ast-banner-title-visibility":"","ast-main-header-display":"","ast-hfb-above-header-display":"","ast-hfb-below-header-display":"","ast-hfb-mobile-header-display":"","site-post-title":"","ast-breadcrumbs-content":"","ast-featured-img":"","footer-sml-layout":"","ast-disable-related-posts":"","theme-transparent-header-meta":"default","adv-header-id-meta":"","stick-header-meta":"","header-above-stick-meta":"","header-main-stick-meta":"","header-below-stick-meta":"","astra-migrate-meta-layouts":"default","ast-page-background-enabled":"default","ast-page-background-meta":{"desktop":{"background-color":"","background-image":"","background-repeat":"repeat","background-position":"center center","background-size":"auto","background-attachment":"scroll","background-type":"","background-media":"","overlay-type":"","overlay-color":"","overlay-opacity":"","overlay-gradient":""},"tablet":{"background-color":"","background-image":"","background-repeat":"repeat","background-position":"center center","background-size":"auto","background-attachment":"scroll","background-type":"","background-media":"","overlay-type":"","overlay-color":"","overlay-opacity":"","overlay-gradient":""},"mobile":{"background-color":"","background-image":"","background-repeat":"repeat","background-position":"center center","background-size":"auto","background-attachment":"scroll","background-type":"","background-media":"","overlay-type":"","overlay-color":"","overlay-opacity":"","overlay-gradient":""}},"ast-content-background-meta":{"desktop":{"background-color":"var(--ast-global-color-5)","background-image":"","background-repeat":"repeat","background-position":"center center","background-size":"auto","background-attachment":"scroll","background-type":"","background-media":"","overlay-type":"","overlay-color":"","overlay-opacity":"","overlay-gradient":""},"tablet":{"background-color":"var(--ast-global-color-5)","background-image":"","background-repeat":"repeat","background-position":"center center","background-size":"auto","background-attachment":"scroll","background-type":"","background-media":"","overlay-type":"","overlay-color":"","overlay-opacity":"","overlay-gradient":""},"mobile":{"background-color":"var(--ast-global-color-5)","background-image":"","background-repeat":"repeat","background-position":"center center","background-size":"auto","background-attachment":"scroll","background-type":"","background-media":"","overlay-type":"","overlay-color":"","overlay-opacity":"","overlay-gradient":""}}},"product_brand":[],"product_cat":[88,68,90],"product_tag":[],"class_list":{"0":"post-4570","1":"product","2":"type-product","3":"status-publish","4":"has-post-thumbnail","6":"product_cat-alcest","7":"product_cat-hoodies","8":"product_cat-productos-destacados","9":"pa_talla-large","10":"pa_talla-medium","11":"pa_talla-small","12":"pa_talla-extra-large","13":"pa_talla-extra-extra-large","14":"desktop-align-left","15":"tablet-align-left","16":"mobile-align-left","18":"first","19":"outofstock","20":"featured","21":"purchasable","22":"product-type-variable"},"yoast_head":"<!-- This site is optimized with the Yoast SEO plugin v27.3 - https:\/\/yoast.com\/product\/yoast-seo-wordpress\/ -->\n<title>Alcest \u00b7 Spiritual\u00a0instinct \u00b7 Hoodie - Official merch<\/title>\n<meta name=\"description\" content=\"Official merch. Impresi\u00f3n m\u00e1xima calidad (DTG). 50% de algod\u00f3n - 50% poli\u00e9ster. Autorizado por ALCEST.\" \/>\n<meta name=\"robots\" content=\"index, follow, max-snippet:-1, max-image-preview:large, max-video-preview:-1\" \/>\n<link rel=\"canonical\" href=\"https:\/\/thehouseofgods.net\/mx\/producto\/hoodie-alcest-spitirual-instinct\/\" \/>\n<meta property=\"og:locale\" content=\"es_ES\" \/>\n<meta property=\"og:type\" content=\"article\" \/>\n<meta property=\"og:title\" content=\"Alcest \u00b7 Spiritual\u00a0instinct \u00b7 Hoodie - Official merch\" \/>\n<meta property=\"og:description\" content=\"Official merch. Impresi\u00f3n m\u00e1xima calidad (DTG). 50% de algod\u00f3n - 50% poli\u00e9ster. Autorizado por ALCEST.\" \/>\n<meta property=\"og:url\" content=\"https:\/\/thehouseofgods.net\/mx\/producto\/hoodie-alcest-spitirual-instinct\/\" \/>\n<meta property=\"og:site_name\" content=\"House Of Gods - M\u00e9xico\" \/>\n<meta property=\"article:modified_time\" content=\"2022-08-10T04:02:45+00:00\" \/>\n<meta property=\"og:image\" content=\"https:\/\/thehouseofgods.net\/mx\/wp-content\/uploads\/sites\/9\/2020\/11\/Alcest027-D-FRONT.jpg\" \/>\n\t<meta property=\"og:image:width\" content=\"1667\" \/>\n\t<meta property=\"og:image:height\" content=\"1668\" \/>\n\t<meta property=\"og:image:type\" content=\"image\/jpeg\" \/>\n<meta name=\"twitter:card\" content=\"summary_large_image\" \/>\n<meta name=\"twitter:label1\" content=\"Tiempo de lectura\" \/>\n\t<meta name=\"twitter:data1\" content=\"1 minuto\" \/>\n<script type=\"application\/ld+json\" class=\"yoast-schema-graph\">{\"@context\":\"https:\\\/\\\/schema.org\",\"@graph\":[{\"@type\":\"WebPage\",\"@id\":\"https:\\\/\\\/thehouseofgods.net\\\/mx\\\/producto\\\/hoodie-alcest-spitirual-instinct\\\/\",\"url\":\"https:\\\/\\\/thehouseofgods.net\\\/mx\\\/producto\\\/hoodie-alcest-spitirual-instinct\\\/\",\"name\":\"Alcest \u00b7 Spiritual\u00a0instinct \u00b7 Hoodie - Official merch\",\"isPartOf\":{\"@id\":\"https:\\\/\\\/thehouseofgods.net\\\/mx\\\/#website\"},\"primaryImageOfPage\":{\"@id\":\"https:\\\/\\\/thehouseofgods.net\\\/mx\\\/producto\\\/hoodie-alcest-spitirual-instinct\\\/#primaryimage\"},\"image\":{\"@id\":\"https:\\\/\\\/thehouseofgods.net\\\/mx\\\/producto\\\/hoodie-alcest-spitirual-instinct\\\/#primaryimage\"},\"thumbnailUrl\":\"https:\\\/\\\/thehouseofgods.net\\\/mx\\\/wp-content\\\/uploads\\\/sites\\\/9\\\/2020\\\/11\\\/Alcest027-D-FRONT.jpg\",\"datePublished\":\"2020-11-21T17:23:47+00:00\",\"dateModified\":\"2022-08-10T04:02:45+00:00\",\"description\":\"Official merch. Impresi\u00f3n m\u00e1xima calidad (DTG). 50% de algod\u00f3n - 50% poli\u00e9ster. Autorizado por ALCEST.\",\"breadcrumb\":{\"@id\":\"https:\\\/\\\/thehouseofgods.net\\\/mx\\\/producto\\\/hoodie-alcest-spitirual-instinct\\\/#breadcrumb\"},\"inLanguage\":\"es\",\"potentialAction\":[{\"@type\":\"ReadAction\",\"target\":[\"https:\\\/\\\/thehouseofgods.net\\\/mx\\\/producto\\\/hoodie-alcest-spitirual-instinct\\\/\"]}]},{\"@type\":\"ImageObject\",\"inLanguage\":\"es\",\"@id\":\"https:\\\/\\\/thehouseofgods.net\\\/mx\\\/producto\\\/hoodie-alcest-spitirual-instinct\\\/#primaryimage\",\"url\":\"https:\\\/\\\/thehouseofgods.net\\\/mx\\\/wp-content\\\/uploads\\\/sites\\\/9\\\/2020\\\/11\\\/Alcest027-D-FRONT.jpg\",\"contentUrl\":\"https:\\\/\\\/thehouseofgods.net\\\/mx\\\/wp-content\\\/uploads\\\/sites\\\/9\\\/2020\\\/11\\\/Alcest027-D-FRONT.jpg\",\"width\":1667,\"height\":1668},{\"@type\":\"BreadcrumbList\",\"@id\":\"https:\\\/\\\/thehouseofgods.net\\\/mx\\\/producto\\\/hoodie-alcest-spitirual-instinct\\\/#breadcrumb\",\"itemListElement\":[{\"@type\":\"ListItem\",\"position\":1,\"name\":\"Portada\",\"item\":\"https:\\\/\\\/thehouseofgods.net\\\/mx\\\/\"},{\"@type\":\"ListItem\",\"position\":2,\"name\":\"Shop\",\"item\":\"https:\\\/\\\/thehouseofgods.net\\\/mx\\\/shop\\\/\"},{\"@type\":\"ListItem\",\"position\":3,\"name\":\"Alcest \u00b7 Spiritual\u00a0instinct \u00b7 Hoodie\"}]},{\"@type\":\"WebSite\",\"@id\":\"https:\\\/\\\/thehouseofgods.net\\\/mx\\\/#website\",\"url\":\"https:\\\/\\\/thehouseofgods.net\\\/mx\\\/\",\"name\":\"House Of Gods - M\u00e9xico\",\"description\":\"House of Gods \u00b7 Mercader\u00eda oficial\",\"publisher\":{\"@id\":\"https:\\\/\\\/thehouseofgods.net\\\/mx\\\/#organization\"},\"potentialAction\":[{\"@type\":\"SearchAction\",\"target\":{\"@type\":\"EntryPoint\",\"urlTemplate\":\"https:\\\/\\\/thehouseofgods.net\\\/mx\\\/?s={search_term_string}\"},\"query-input\":{\"@type\":\"PropertyValueSpecification\",\"valueRequired\":true,\"valueName\":\"search_term_string\"}}],\"inLanguage\":\"es\"},{\"@type\":\"Organization\",\"@id\":\"https:\\\/\\\/thehouseofgods.net\\\/mx\\\/#organization\",\"name\":\"House of Gods\",\"url\":\"https:\\\/\\\/thehouseofgods.net\\\/mx\\\/\",\"logo\":{\"@type\":\"ImageObject\",\"inLanguage\":\"es\",\"@id\":\"https:\\\/\\\/thehouseofgods.net\\\/mx\\\/#\\\/schema\\\/logo\\\/image\\\/\",\"url\":\"https:\\\/\\\/thehouseofgods.net\\\/mx\\\/wp-content\\\/uploads\\\/sites\\\/9\\\/2020\\\/02\\\/HOG-jpeg-baja.jpeg\",\"contentUrl\":\"https:\\\/\\\/thehouseofgods.net\\\/mx\\\/wp-content\\\/uploads\\\/sites\\\/9\\\/2020\\\/02\\\/HOG-jpeg-baja.jpeg\",\"width\":1100,\"height\":459,\"caption\":\"House of Gods\"},\"image\":{\"@id\":\"https:\\\/\\\/thehouseofgods.net\\\/mx\\\/#\\\/schema\\\/logo\\\/image\\\/\"}}]}<\/script>\n<!-- \/ Yoast SEO plugin. -->","yoast_head_json":{"title":"Alcest \u00b7 Spiritual\u00a0instinct \u00b7 Hoodie - Official merch","description":"Official merch. Impresi\u00f3n m\u00e1xima calidad (DTG). 50% de algod\u00f3n - 50% poli\u00e9ster. Autorizado por ALCEST.","robots":{"index":"index","follow":"follow","max-snippet":"max-snippet:-1","max-image-preview":"max-image-preview:large","max-video-preview":"max-video-preview:-1"},"canonical":"https:\/\/thehouseofgods.net\/mx\/producto\/hoodie-alcest-spitirual-instinct\/","og_locale":"es_ES","og_type":"article","og_title":"Alcest \u00b7 Spiritual\u00a0instinct \u00b7 Hoodie - Official merch","og_description":"Official merch. Impresi\u00f3n m\u00e1xima calidad (DTG). 50% de algod\u00f3n - 50% poli\u00e9ster. Autorizado por ALCEST.","og_url":"https:\/\/thehouseofgods.net\/mx\/producto\/hoodie-alcest-spitirual-instinct\/","og_site_name":"House Of Gods - M\u00e9xico","article_modified_time":"2022-08-10T04:02:45+00:00","og_image":[{"width":1667,"height":1668,"url":"https:\/\/thehouseofgods.net\/mx\/wp-content\/uploads\/sites\/9\/2020\/11\/Alcest027-D-FRONT.jpg","type":"image\/jpeg"}],"twitter_card":"summary_large_image","twitter_misc":{"Tiempo de lectura":"1 minuto"},"schema":{"@context":"https:\/\/schema.org","@graph":[{"@type":"WebPage","@id":"https:\/\/thehouseofgods.net\/mx\/producto\/hoodie-alcest-spitirual-instinct\/","url":"https:\/\/thehouseofgods.net\/mx\/producto\/hoodie-alcest-spitirual-instinct\/","name":"Alcest \u00b7 Spiritual\u00a0instinct \u00b7 Hoodie - Official merch","isPartOf":{"@id":"https:\/\/thehouseofgods.net\/mx\/#website"},"primaryImageOfPage":{"@id":"https:\/\/thehouseofgods.net\/mx\/producto\/hoodie-alcest-spitirual-instinct\/#primaryimage"},"image":{"@id":"https:\/\/thehouseofgods.net\/mx\/producto\/hoodie-alcest-spitirual-instinct\/#primaryimage"},"thumbnailUrl":"https:\/\/thehouseofgods.net\/mx\/wp-content\/uploads\/sites\/9\/2020\/11\/Alcest027-D-FRONT.jpg","datePublished":"2020-11-21T17:23:47+00:00","dateModified":"2022-08-10T04:02:45+00:00","description":"Official merch. Impresi\u00f3n m\u00e1xima calidad (DTG). 50% de algod\u00f3n - 50% poli\u00e9ster. Autorizado por ALCEST.","breadcrumb":{"@id":"https:\/\/thehouseofgods.net\/mx\/producto\/hoodie-alcest-spitirual-instinct\/#breadcrumb"},"inLanguage":"es","potentialAction":[{"@type":"ReadAction","target":["https:\/\/thehouseofgods.net\/mx\/producto\/hoodie-alcest-spitirual-instinct\/"]}]},{"@type":"ImageObject","inLanguage":"es","@id":"https:\/\/thehouseofgods.net\/mx\/producto\/hoodie-alcest-spitirual-instinct\/#primaryimage","url":"https:\/\/thehouseofgods.net\/mx\/wp-content\/uploads\/sites\/9\/2020\/11\/Alcest027-D-FRONT.jpg","contentUrl":"https:\/\/thehouseofgods.net\/mx\/wp-content\/uploads\/sites\/9\/2020\/11\/Alcest027-D-FRONT.jpg","width":1667,"height":1668},{"@type":"BreadcrumbList","@id":"https:\/\/thehouseofgods.net\/mx\/producto\/hoodie-alcest-spitirual-instinct\/#breadcrumb","itemListElement":[{"@type":"ListItem","position":1,"name":"Portada","item":"https:\/\/thehouseofgods.net\/mx\/"},{"@type":"ListItem","position":2,"name":"Shop","item":"https:\/\/thehouseofgods.net\/mx\/shop\/"},{"@type":"ListItem","position":3,"name":"Alcest \u00b7 Spiritual\u00a0instinct \u00b7 Hoodie"}]},{"@type":"WebSite","@id":"https:\/\/thehouseofgods.net\/mx\/#website","url":"https:\/\/thehouseofgods.net\/mx\/","name":"House Of Gods - M\u00e9xico","description":"House of Gods \u00b7 Mercader\u00eda oficial","publisher":{"@id":"https:\/\/thehouseofgods.net\/mx\/#organization"},"potentialAction":[{"@type":"SearchAction","target":{"@type":"EntryPoint","urlTemplate":"https:\/\/thehouseofgods.net\/mx\/?s={search_term_string}"},"query-input":{"@type":"PropertyValueSpecification","valueRequired":true,"valueName":"search_term_string"}}],"inLanguage":"es"},{"@type":"Organization","@id":"https:\/\/thehouseofgods.net\/mx\/#organization","name":"House of Gods","url":"https:\/\/thehouseofgods.net\/mx\/","logo":{"@type":"ImageObject","inLanguage":"es","@id":"https:\/\/thehouseofgods.net\/mx\/#\/schema\/logo\/image\/","url":"https:\/\/thehouseofgods.net\/mx\/wp-content\/uploads\/sites\/9\/2020\/02\/HOG-jpeg-baja.jpeg","contentUrl":"https:\/\/thehouseofgods.net\/mx\/wp-content\/uploads\/sites\/9\/2020\/02\/HOG-jpeg-baja.jpeg","width":1100,"height":459,"caption":"House of Gods"},"image":{"@id":"https:\/\/thehouseofgods.net\/mx\/#\/schema\/logo\/image\/"}}]}},"_links":{"self":[{"href":"https:\/\/thehouseofgods.net\/mx\/wp-json\/wp\/v2\/product\/4570","targetHints":{"allow":["GET"]}}],"collection":[{"href":"https:\/\/thehouseofgods.net\/mx\/wp-json\/wp\/v2\/product"}],"about":[{"href":"https:\/\/thehouseofgods.net\/mx\/wp-json\/wp\/v2\/types\/product"}],"replies":[{"embeddable":true,"href":"https:\/\/thehouseofgods.net\/mx\/wp-json\/wp\/v2\/comments?post=4570"}],"version-history":[{"count":8,"href":"https:\/\/thehouseofgods.net\/mx\/wp-json\/wp\/v2\/product\/4570\/revisions"}],"predecessor-version":[{"id":11034,"href":"https:\/\/thehouseofgods.net\/mx\/wp-json\/wp\/v2\/product\/4570\/revisions\/11034"}],"wp:featuredmedia":[{"embeddable":true,"href":"https:\/\/thehouseofgods.net\/mx\/wp-json\/wp\/v2\/media\/4733"}],"wp:attachment":[{"href":"https:\/\/thehouseofgods.net\/mx\/wp-json\/wp\/v2\/media?parent=4570"}],"wp:term":[{"taxonomy":"product_brand","embeddable":true,"href":"https:\/\/thehouseofgods.net\/mx\/wp-json\/wp\/v2\/product_brand?post=4570"},{"taxonomy":"product_cat","embeddable":true,"href":"https:\/\/thehouseofgods.net\/mx\/wp-json\/wp\/v2\/product_cat?post=4570"},{"taxonomy":"product_tag","embeddable":true,"href":"https:\/\/thehouseofgods.net\/mx\/wp-json\/wp\/v2\/product_tag?post=4570"}],"curies":[{"name":"wp","href":"https:\/\/api.w.org\/{rel}","templated":true}]}}